{"id":18728,"date":"2023-06-16T13:36:11","date_gmt":"2023-06-16T19:36:11","guid":{"rendered":"https:\/\/shapp.mx\/ludoteka\/?post_type=product&#038;p=18728"},"modified":"2023-06-29T12:21:42","modified_gmt":"2023-06-29T18:21:42","slug":"18728","status":"publish","type":"product","link":"https:\/\/shapp.mx\/ludoteka\/producto\/18728\/","title":{"rendered":"My City"},"content":{"rendered":"<p><span data-sheets-value=\"{&quot;1&quot;:2,&quot;2&quot;:&quot;Construir una ciudad nos es cosa f\u00e1cil y ser\u00eda ingenuo pensar que terminar\u00edamos en un d\u00eda. Es por esto que, en MY CITY competiremos por tener la ciudad m\u00e1s pr\u00f3spera a lo largo de 24 partidas en las cuales nuestra peque\u00f1a ciudad comenzar\u00e1 como un peque\u00f1o poblado que poco a poco iremos industrializando. Las partidas no son largas y en cada una de ellas, los jugadores agregaremos nuevas construcciones y elementos a nuestros tableros. Cada nuevo juego nos ofrecer\u00e1 nuevos componentes y la dificultad ir\u00e1 aumentando, haciendo que debamos de replantear nuestra estrategia si queremos obtener la victoria. Las decisiones y acciones que tomemos a lo largo de la sesi\u00f3n de juego impactar\u00e1n la siguiente, creando as\u00ed una experiencia \u00fanica para cada grupo de juego. Definitivamente ninguna partida ser\u00e1 igual a la anterior. Pero eso no es todo, para aquellos jugadores que prefieran no jugar para ir modificando el juego a lo largo de sus partidas, MY CITY incluye tambi\u00e9n una alternativa rejugable sin cambios del otro lado de los tableros para la que se utilizan desde un inicio todos los componentes del juego. MY CITY es un juego dise\u00f1ado por Reiner Knizia, uno de los creadores de juegos m\u00e1s celebrados y cuyos dise\u00f1os simples y sofisticados hacen que sus juegos sean disfrutados por miles de jugadores a nivel mundial. Si est\u00e1n buscando un juego interesante, que los rete y que les ofrezca una experiencia distinta en cada partida, MY CITY es para ustedes. La simplicidad de sus reglas y su corta duraci\u00f3n, junto con la profundidad de estrategia y planeaci\u00f3n para el futuro hacen de este juego una experiencia \u00fanica de juego que har\u00e1 que quieras repetir la experiencia en cuanto termines tus primeras 24 partidas.&quot;}\" data-sheets-userformat=\"{&quot;2&quot;:6530,&quot;4&quot;:{&quot;1&quot;:2,&quot;2&quot;:14743546},&quot;10&quot;:2,&quot;11&quot;:4,&quot;14&quot;:{&quot;1&quot;:2,&quot;2&quot;:0},&quot;15&quot;:&quot;Arial&quot;}\">Construir una ciudad no es cosa f\u00e1cil y ser\u00eda ingenuo pensar que terminar\u00edamos en un d\u00eda. Es por esto que, en\u00a0<strong>MY CITY<\/strong>\u00a0competiremos por tener la ciudad m\u00e1s pr\u00f3spera a lo largo de 24 partidas en las cuales nuestra peque\u00f1a ciudad comenzar\u00e1 como un peque\u00f1o poblado que poco a poco iremos industrializando.<\/span><\/p>\n<p><span data-sheets-value=\"{&quot;1&quot;:2,&quot;2&quot;:&quot;Construir una ciudad nos es cosa f\u00e1cil y ser\u00eda ingenuo pensar que terminar\u00edamos en un d\u00eda. Es por esto que, en MY CITY competiremos por tener la ciudad m\u00e1s pr\u00f3spera a lo largo de 24 partidas en las cuales nuestra peque\u00f1a ciudad comenzar\u00e1 como un peque\u00f1o poblado que poco a poco iremos industrializando. Las partidas no son largas y en cada una de ellas, los jugadores agregaremos nuevas construcciones y elementos a nuestros tableros. Cada nuevo juego nos ofrecer\u00e1 nuevos componentes y la dificultad ir\u00e1 aumentando, haciendo que debamos de replantear nuestra estrategia si queremos obtener la victoria. Las decisiones y acciones que tomemos a lo largo de la sesi\u00f3n de juego impactar\u00e1n la siguiente, creando as\u00ed una experiencia \u00fanica para cada grupo de juego. Definitivamente ninguna partida ser\u00e1 igual a la anterior. Pero eso no es todo, para aquellos jugadores que prefieran no jugar para ir modificando el juego a lo largo de sus partidas, MY CITY incluye tambi\u00e9n una alternativa rejugable sin cambios del otro lado de los tableros para la que se utilizan desde un inicio todos los componentes del juego. MY CITY es un juego dise\u00f1ado por Reiner Knizia, uno de los creadores de juegos m\u00e1s celebrados y cuyos dise\u00f1os simples y sofisticados hacen que sus juegos sean disfrutados por miles de jugadores a nivel mundial. Si est\u00e1n buscando un juego interesante, que los rete y que les ofrezca una experiencia distinta en cada partida, MY CITY es para ustedes. La simplicidad de sus reglas y su corta duraci\u00f3n, junto con la profundidad de estrategia y planeaci\u00f3n para el futuro hacen de este juego una experiencia \u00fanica de juego que har\u00e1 que quieras repetir la experiencia en cuanto termines tus primeras 24 partidas.&quot;}\" data-sheets-userformat=\"{&quot;2&quot;:6530,&quot;4&quot;:{&quot;1&quot;:2,&quot;2&quot;:14743546},&quot;10&quot;:2,&quot;11&quot;:4,&quot;14&quot;:{&quot;1&quot;:2,&quot;2&quot;:0},&quot;15&quot;:&quot;Arial&quot;}\">Las partidas no son largas y en cada una de ellas, los jugadores agregaremos nuevas construcciones y elementos a nuestros tableros. Cada nuevo juego nos ofrecer\u00e1 nuevos componentes y la dificultad ir\u00e1 aumentando, haciendo que debamos de replantear nuestra estrategia si queremos obtener la victoria. Las decisiones y acciones que tomemos a lo largo de la sesi\u00f3n de juego impactar\u00e1n la siguiente, creando as\u00ed una experiencia \u00fanica para cada grupo de juego. Definitivamente ninguna partida ser\u00e1 igual a la anterior.<\/span><\/p>\n<p><span data-sheets-value=\"{&quot;1&quot;:2,&quot;2&quot;:&quot;Construir una ciudad nos es cosa f\u00e1cil y ser\u00eda ingenuo pensar que terminar\u00edamos en un d\u00eda. Es por esto que, en MY CITY competiremos por tener la ciudad m\u00e1s pr\u00f3spera a lo largo de 24 partidas en las cuales nuestra peque\u00f1a ciudad comenzar\u00e1 como un peque\u00f1o poblado que poco a poco iremos industrializando. Las partidas no son largas y en cada una de ellas, los jugadores agregaremos nuevas construcciones y elementos a nuestros tableros. Cada nuevo juego nos ofrecer\u00e1 nuevos componentes y la dificultad ir\u00e1 aumentando, haciendo que debamos de replantear nuestra estrategia si queremos obtener la victoria. Las decisiones y acciones que tomemos a lo largo de la sesi\u00f3n de juego impactar\u00e1n la siguiente, creando as\u00ed una experiencia \u00fanica para cada grupo de juego. Definitivamente ninguna partida ser\u00e1 igual a la anterior. Pero eso no es todo, para aquellos jugadores que prefieran no jugar para ir modificando el juego a lo largo de sus partidas, MY CITY incluye tambi\u00e9n una alternativa rejugable sin cambios del otro lado de los tableros para la que se utilizan desde un inicio todos los componentes del juego. MY CITY es un juego dise\u00f1ado por Reiner Knizia, uno de los creadores de juegos m\u00e1s celebrados y cuyos dise\u00f1os simples y sofisticados hacen que sus juegos sean disfrutados por miles de jugadores a nivel mundial. Si est\u00e1n buscando un juego interesante, que los rete y que les ofrezca una experiencia distinta en cada partida, MY CITY es para ustedes. La simplicidad de sus reglas y su corta duraci\u00f3n, junto con la profundidad de estrategia y planeaci\u00f3n para el futuro hacen de este juego una experiencia \u00fanica de juego que har\u00e1 que quieras repetir la experiencia en cuanto termines tus primeras 24 partidas.&quot;}\" data-sheets-userformat=\"{&quot;2&quot;:6530,&quot;4&quot;:{&quot;1&quot;:2,&quot;2&quot;:14743546},&quot;10&quot;:2,&quot;11&quot;:4,&quot;14&quot;:{&quot;1&quot;:2,&quot;2&quot;:0},&quot;15&quot;:&quot;Arial&quot;}\">Pero eso no es todo, para aquellos jugadores que prefieran no jugar para ir modificando el juego a lo largo de sus partidas,\u00a0<strong>MY CITY<\/strong>\u00a0incluye tambi\u00e9n una alternativa rejugable sin cambios del otro lado de los tableros para la que se utilizan desde un inicio todos los componentes del juego.<\/span><\/p>\n<p><span data-sheets-value=\"{&quot;1&quot;:2,&quot;2&quot;:&quot;Construir una ciudad nos es cosa f\u00e1cil y ser\u00eda ingenuo pensar que terminar\u00edamos en un d\u00eda. Es por esto que, en MY CITY competiremos por tener la ciudad m\u00e1s pr\u00f3spera a lo largo de 24 partidas en las cuales nuestra peque\u00f1a ciudad comenzar\u00e1 como un peque\u00f1o poblado que poco a poco iremos industrializando. Las partidas no son largas y en cada una de ellas, los jugadores agregaremos nuevas construcciones y elementos a nuestros tableros. Cada nuevo juego nos ofrecer\u00e1 nuevos componentes y la dificultad ir\u00e1 aumentando, haciendo que debamos de replantear nuestra estrategia si queremos obtener la victoria. Las decisiones y acciones que tomemos a lo largo de la sesi\u00f3n de juego impactar\u00e1n la siguiente, creando as\u00ed una experiencia \u00fanica para cada grupo de juego. Definitivamente ninguna partida ser\u00e1 igual a la anterior. Pero eso no es todo, para aquellos jugadores que prefieran no jugar para ir modificando el juego a lo largo de sus partidas, MY CITY incluye tambi\u00e9n una alternativa rejugable sin cambios del otro lado de los tableros para la que se utilizan desde un inicio todos los componentes del juego. MY CITY es un juego dise\u00f1ado por Reiner Knizia, uno de los creadores de juegos m\u00e1s celebrados y cuyos dise\u00f1os simples y sofisticados hacen que sus juegos sean disfrutados por miles de jugadores a nivel mundial. Si est\u00e1n buscando un juego interesante, que los rete y que les ofrezca una experiencia distinta en cada partida, MY CITY es para ustedes. La simplicidad de sus reglas y su corta duraci\u00f3n, junto con la profundidad de estrategia y planeaci\u00f3n para el futuro hacen de este juego una experiencia \u00fanica de juego que har\u00e1 que quieras repetir la experiencia en cuanto termines tus primeras 24 partidas.&quot;}\" data-sheets-userformat=\"{&quot;2&quot;:6530,&quot;4&quot;:{&quot;1&quot;:2,&quot;2&quot;:14743546},&quot;10&quot;:2,&quot;11&quot;:4,&quot;14&quot;:{&quot;1&quot;:2,&quot;2&quot;:0},&quot;15&quot;:&quot;Arial&quot;}\"><strong>MY CITY<\/strong>\u00a0es un juego dise\u00f1ado por Reiner Knizia, uno de los creadores de juegos m\u00e1s celebrados y cuyos dise\u00f1os simples y sofisticados hacen que sus juegos sean disfrutados por miles de jugadores a nivel mundial. Si est\u00e1n buscando un juego interesante, que los rete y que les ofrezca una experiencia distinta en cada partida,\u00a0<strong>MY CITY<\/strong>\u00a0es para ustedes. La simplicidad de sus reglas y su corta duraci\u00f3n, junto con la profundidad de estrategia y planeaci\u00f3n para el futuro hacen de este juego una experiencia \u00fanica de juego que har\u00e1 que quieras repetir la experiencia en cuanto termines tus primeras 24 partidas.<\/span><\/p>\n","protected":false},"excerpt":{"rendered":"<p>Construir una ciudad no es cosa f\u00e1cil y ser\u00eda ingenuo pensar que terminar\u00edamos en un d\u00eda. Es por esto que, en\u00a0MY CITY\u00a0competiremos por tener la ciudad m\u00e1s pr\u00f3spera a lo largo de 24 partidas en las cuales nuestra peque\u00f1a ciudad comenzar\u00e1 como un peque\u00f1o poblado que poco a poco iremos industrializando. Las partidas no son [&hellip;]<\/p>\n","protected":false},"featured_media":18406,"template":"","meta":{"inline_featured_image":false,"_juego_de_la_semana":"no","_idioma":"Espa\u00f1ol","_jugadores-minimos":"2","_jugadores-maximos":"4","_duracion-minima":"30","_duracion-maxima":"","_edad-recomendada":"7","_editorial":"Devir","imagen-header":"19044","_precio-proveedor":"","_fecha-compra":0},"product_brand":[],"product_cat":[162],"product_tag":[],"editoriales":[184],"class_list":{"0":"post-18728","1":"product","2":"type-product","3":"status-publish","4":"has-post-thumbnail","6":"product_cat-destacados","7":"editoriales-devir","9":"first","10":"instock","11":"shipping-taxable","12":"purchasable","13":"product-type-simple"},"_links":{"self":[{"href":"https:\/\/shapp.mx\/ludoteka\/wp-json\/wp\/v2\/product\/18728","targetHints":{"allow":["GET"]}}],"collection":[{"href":"https:\/\/shapp.mx\/ludoteka\/wp-json\/wp\/v2\/product"}],"about":[{"href":"https:\/\/shapp.mx\/ludoteka\/wp-json\/wp\/v2\/types\/product"}],"wp:featuredmedia":[{"embeddable":true,"href":"https:\/\/shapp.mx\/ludoteka\/wp-json\/wp\/v2\/media\/18406"}],"wp:attachment":[{"href":"https:\/\/shapp.mx\/ludoteka\/wp-json\/wp\/v2\/media?parent=18728"}],"wp:term":[{"taxonomy":"product_brand","embeddable":true,"href":"https:\/\/shapp.mx\/ludoteka\/wp-json\/wp\/v2\/product_brand?post=18728"},{"taxonomy":"product_cat","embeddable":true,"href":"https:\/\/shapp.mx\/ludoteka\/wp-json\/wp\/v2\/product_cat?post=18728"},{"taxonomy":"product_tag","embeddable":true,"href":"https:\/\/shapp.mx\/ludoteka\/wp-json\/wp\/v2\/product_tag?post=18728"},{"taxonomy":"editoriales","embeddable":true,"href":"https:\/\/shapp.mx\/ludoteka\/wp-json\/wp\/v2\/editoriales?post=18728"}],"curies":[{"name":"wp","href":"https:\/\/api.w.org\/{rel}","templated":true}]}}