{"id":18729,"date":"2023-06-16T13:41:38","date_gmt":"2023-06-16T19:41:38","guid":{"rendered":"https:\/\/shapp.mx\/ludoteka\/?post_type=product&#038;p=18729"},"modified":"2023-06-28T12:38:56","modified_gmt":"2023-06-28T18:38:56","slug":"no-gracias","status":"publish","type":"product","link":"https:\/\/shapp.mx\/ludoteka\/producto\/no-gracias\/","title":{"rendered":"No Gracias"},"content":{"rendered":"<p>\u00a1No, Gracias!\u00a0es un divertido y sencillo juego de cartas en el que tendr\u00e1s que tirarte alg\u00fan farol que otro. Tendr\u00e1s que valorar con cuidado los riesgos y adoptar las decisiones adecuadas. Consigue distraer a tus amigos de tus\u00a0verdaderas intenciones con un claro: \u00a1No Gracias!<\/p>\n","protected":false},"excerpt":{"rendered":"<p>\u00a1No, Gracias!\u00a0es un divertido y sencillo juego de cartas en el que tendr\u00e1s que tirarte alg\u00fan farol que otro. Tendr\u00e1s que valorar con cuidado los riesgos y adoptar las decisiones adecuadas. Consigue distraer a tus amigos de tus\u00a0verdaderas intenciones con un claro: \u00a1No Gracias!<\/p>\n","protected":false},"featured_media":19002,"template":"","meta":{"inline_featured_image":false,"_juego_de_la_semana":"no","_idioma":"Espa\u00f1ol","_jugadores-minimos":"3","_jugadores-maximos":"7","_duracion-minima":"20","_duracion-maxima":"","_edad-recomendada":"8","_editorial":"","imagen-header":"18962","_precio-proveedor":"","_fecha-compra":0},"product_brand":[],"product_cat":[168],"product_tag":[],"editoriales":[198],"class_list":{"0":"post-18729","1":"product","2":"type-product","3":"status-publish","4":"has-post-thumbnail","6":"product_cat-juegos-de-cartas","7":"editoriales-mercurio","9":"first","10":"instock","11":"shipping-taxable","12":"purchasable","13":"product-type-simple"},"_links":{"self":[{"href":"https:\/\/shapp.mx\/ludoteka\/wp-json\/wp\/v2\/product\/18729","targetHints":{"allow":["GET"]}}],"collection":[{"href":"https:\/\/shapp.mx\/ludoteka\/wp-json\/wp\/v2\/product"}],"about":[{"href":"https:\/\/shapp.mx\/ludoteka\/wp-json\/wp\/v2\/types\/product"}],"wp:featuredmedia":[{"embeddable":true,"href":"https:\/\/shapp.mx\/ludoteka\/wp-json\/wp\/v2\/media\/19002"}],"wp:attachment":[{"href":"https:\/\/shapp.mx\/ludoteka\/wp-json\/wp\/v2\/media?parent=18729"}],"wp:term":[{"taxonomy":"product_brand","embeddable":true,"href":"https:\/\/shapp.mx\/ludoteka\/wp-json\/wp\/v2\/product_brand?post=18729"},{"taxonomy":"product_cat","embeddable":true,"href":"https:\/\/shapp.mx\/ludoteka\/wp-json\/wp\/v2\/product_cat?post=18729"},{"taxonomy":"product_tag","embeddable":true,"href":"https:\/\/shapp.mx\/ludoteka\/wp-json\/wp\/v2\/product_tag?post=18729"},{"taxonomy":"editoriales","embeddable":true,"href":"https:\/\/shapp.mx\/ludoteka\/wp-json\/wp\/v2\/editoriales?post=18729"}],"curies":[{"name":"wp","href":"https:\/\/api.w.org\/{rel}","templated":true}]}}