{"id":18732,"date":"2023-06-17T09:44:39","date_gmt":"2023-06-17T15:44:39","guid":{"rendered":"https:\/\/shapp.mx\/ludoteka\/?post_type=product&#038;p=18732"},"modified":"2023-06-29T12:19:39","modified_gmt":"2023-06-29T18:19:39","slug":"pakal","status":"publish","type":"product","link":"https:\/\/shapp.mx\/ludoteka\/producto\/pakal\/","title":{"rendered":"Pakal"},"content":{"rendered":"<p>Es un juego de rompecabezas deslizantes en tiempo real en el que cada jugador tiene una cuadr\u00edcula 4&#215;4 llena de 15 bloques, algunos de los cuales tienen un color s\u00f3lido en ellos y algunos de los cuales son claros. Cada ronda, se revela una carta de objetivo, luego los jugadores deslizan sus bloques en la cuadr\u00edcula, tratando de mostrar solo los s\u00edmbolos mostrados en esa carta y ocultando cualquier otro s\u00edmbolo de la vista. Si haces esto antes de que se acabe el tiempo, puedes agarrar uno de los bloques de puntuaci\u00f3n disponibles, luego mover tu token en la pista de puntuaci\u00f3n al siguiente s\u00edmbolo de la pista. Por lo tanto, cuanto m\u00e1s r\u00e1pido resuelva el rompecabezas, m\u00e1s probable es que coja un bloque que avance m\u00e1s lejos. Cada vez que cruzas una l\u00ednea roja en la pista de puntuaci\u00f3n, debes reemplazar un bloque de color en tu cuadr\u00edcula por uno claro, lo que dificulta la resoluci\u00f3n de cartas objetivas en futuras rondas.<\/p>\n","protected":false},"excerpt":{"rendered":"<p>Es un juego de rompecabezas deslizantes en tiempo real en el que cada jugador tiene una cuadr\u00edcula 4&#215;4 llena de 15 bloques, algunos de los cuales tienen un color s\u00f3lido en ellos y algunos de los cuales son claros. Cada ronda, se revela una carta de objetivo, luego los jugadores deslizan sus bloques en la [&hellip;]<\/p>\n","protected":false},"featured_media":18410,"template":"","meta":{"inline_featured_image":false,"_juego_de_la_semana":"no","_idioma":"Espa\u00f1ol","_jugadores-minimos":"2","_jugadores-maximos":"4","_duracion-minima":"","_duracion-maxima":"","_edad-recomendada":"14","_editorial":"","imagen-header":"19044","_precio-proveedor":"","_fecha-compra":0},"product_brand":[],"product_cat":[162],"product_tag":[],"editoriales":[],"class_list":{"0":"post-18732","1":"product","2":"type-product","3":"status-publish","4":"has-post-thumbnail","6":"product_cat-destacados","8":"first","9":"instock","10":"featured","11":"shipping-taxable","12":"purchasable","13":"product-type-simple"},"_links":{"self":[{"href":"https:\/\/shapp.mx\/ludoteka\/wp-json\/wp\/v2\/product\/18732","targetHints":{"allow":["GET"]}}],"collection":[{"href":"https:\/\/shapp.mx\/ludoteka\/wp-json\/wp\/v2\/product"}],"about":[{"href":"https:\/\/shapp.mx\/ludoteka\/wp-json\/wp\/v2\/types\/product"}],"wp:featuredmedia":[{"embeddable":true,"href":"https:\/\/shapp.mx\/ludoteka\/wp-json\/wp\/v2\/media\/18410"}],"wp:attachment":[{"href":"https:\/\/shapp.mx\/ludoteka\/wp-json\/wp\/v2\/media?parent=18732"}],"wp:term":[{"taxonomy":"product_brand","embeddable":true,"href":"https:\/\/shapp.mx\/ludoteka\/wp-json\/wp\/v2\/product_brand?post=18732"},{"taxonomy":"product_cat","embeddable":true,"href":"https:\/\/shapp.mx\/ludoteka\/wp-json\/wp\/v2\/product_cat?post=18732"},{"taxonomy":"product_tag","embeddable":true,"href":"https:\/\/shapp.mx\/ludoteka\/wp-json\/wp\/v2\/product_tag?post=18732"},{"taxonomy":"editoriales","embeddable":true,"href":"https:\/\/shapp.mx\/ludoteka\/wp-json\/wp\/v2\/editoriales?post=18732"}],"curies":[{"name":"wp","href":"https:\/\/api.w.org\/{rel}","templated":true}]}}