{"id":18733,"date":"2023-06-17T09:46:48","date_gmt":"2023-06-17T15:46:48","guid":{"rendered":"https:\/\/shapp.mx\/ludoteka\/?post_type=product&#038;p=18733"},"modified":"2023-06-29T12:18:47","modified_gmt":"2023-06-29T18:18:47","slug":"pana-poo","status":"publish","type":"product","link":"https:\/\/shapp.mx\/ludoteka\/producto\/pana-poo\/","title":{"rendered":"Pana Po&#8217;o"},"content":{"rendered":"<p>No pana po&#8217;o alrededor cuando juegas Pana Po&#8217;o porque solo tienes un minuto para ayudar a otros jugadores a adivinar lo que est\u00e1s montando! En hawaiano, pana po&#8217;o significa \u00abrascarte la cabeza para ayudarte a recordar algo que has olvidado\u00bb. Jugar el juego requiere velocidad y usar solo un surtido de formas de colores, la carta de objetos que dibujaste y tu poder de idea, mientras corres el temporizador de un minuto mientras los jugadores o equipos tratan de adivinar el objeto que est\u00e1s luchando para crear. Este colorido juego es un divertido para las noches de juego, as\u00ed que mai kanalua, ir a conseguir este juego! A partir de 8 a\u00f1os.<\/p>\n","protected":false},"excerpt":{"rendered":"<p>No pana po&#8217;o alrededor cuando juegas Pana Po&#8217;o porque solo tienes un minuto para ayudar a otros jugadores a adivinar lo que est\u00e1s montando! En hawaiano, pana po&#8217;o significa \u00abrascarte la cabeza para ayudarte a recordar algo que has olvidado\u00bb. Jugar el juego requiere velocidad y usar solo un surtido de formas de colores, la [&hellip;]<\/p>\n","protected":false},"featured_media":18411,"template":"","meta":{"inline_featured_image":false,"_juego_de_la_semana":"no","_idioma":"Espa\u00f1ol","_jugadores-minimos":"","_jugadores-maximos":"","_duracion-minima":"","_duracion-maxima":"","_edad-recomendada":"","_editorial":"","imagen-header":"19044","_precio-proveedor":"","_fecha-compra":0},"product_brand":[],"product_cat":[162],"product_tag":[],"editoriales":[],"class_list":{"0":"post-18733","1":"product","2":"type-product","3":"status-publish","4":"has-post-thumbnail","6":"product_cat-destacados","8":"first","9":"instock","10":"shipping-taxable","11":"purchasable","12":"product-type-simple"},"_links":{"self":[{"href":"https:\/\/shapp.mx\/ludoteka\/wp-json\/wp\/v2\/product\/18733","targetHints":{"allow":["GET"]}}],"collection":[{"href":"https:\/\/shapp.mx\/ludoteka\/wp-json\/wp\/v2\/product"}],"about":[{"href":"https:\/\/shapp.mx\/ludoteka\/wp-json\/wp\/v2\/types\/product"}],"wp:featuredmedia":[{"embeddable":true,"href":"https:\/\/shapp.mx\/ludoteka\/wp-json\/wp\/v2\/media\/18411"}],"wp:attachment":[{"href":"https:\/\/shapp.mx\/ludoteka\/wp-json\/wp\/v2\/media?parent=18733"}],"wp:term":[{"taxonomy":"product_brand","embeddable":true,"href":"https:\/\/shapp.mx\/ludoteka\/wp-json\/wp\/v2\/product_brand?post=18733"},{"taxonomy":"product_cat","embeddable":true,"href":"https:\/\/shapp.mx\/ludoteka\/wp-json\/wp\/v2\/product_cat?post=18733"},{"taxonomy":"product_tag","embeddable":true,"href":"https:\/\/shapp.mx\/ludoteka\/wp-json\/wp\/v2\/product_tag?post=18733"},{"taxonomy":"editoriales","embeddable":true,"href":"https:\/\/shapp.mx\/ludoteka\/wp-json\/wp\/v2\/editoriales?post=18733"}],"curies":[{"name":"wp","href":"https:\/\/api.w.org\/{rel}","templated":true}]}}