{"id":18735,"date":"2023-06-17T09:53:16","date_gmt":"2023-06-17T15:53:16","guid":{"rendered":"https:\/\/shapp.mx\/ludoteka\/?post_type=product&#038;p=18735"},"modified":"2023-06-29T12:17:36","modified_gmt":"2023-06-29T18:17:36","slug":"shamans","status":"publish","type":"product","link":"https:\/\/shapp.mx\/ludoteka\/producto\/shamans\/","title":{"rendered":"Shamans"},"content":{"rendered":"<p>Eres un cham\u00e1n, protegiendo los mundos espirituales de la amenaza de las sombras desde el amanecer de los tiempos. \u00bfPero podr\u00eda el peligro venir de tus propias filas? Cada ronda representa un ciclo lunar en el que los chamanes y las sombras se enfrentan. Al principio, cada jugador recibe secretamente un rol que indica en qu\u00e9 lado luchar\u00e1n, as\u00ed como una mano de cartas del mundo con diferentes colores y valores. \u00bfSer\u00e1s capaz de ver a trav\u00e9s de los esquemas de tus rivales corruptos y encontrarte en el lado derecho de esta antigua lucha?<\/p>\n","protected":false},"excerpt":{"rendered":"<p>Eres un cham\u00e1n, protegiendo los mundos espirituales de la amenaza de las sombras desde el amanecer de los tiempos. \u00bfPero podr\u00eda el peligro venir de tus propias filas? Cada ronda representa un ciclo lunar en el que los chamanes y las sombras se enfrentan. Al principio, cada jugador recibe secretamente un rol que indica en [&hellip;]<\/p>\n","protected":false},"featured_media":18423,"template":"","meta":{"inline_featured_image":false,"_juego_de_la_semana":"no","_idioma":"Espa\u00f1ol","_jugadores-minimos":"3","_jugadores-maximos":"5","_duracion-minima":"29","_duracion-maxima":"","_edad-recomendada":"10","_editorial":"","imagen-header":"19044","_precio-proveedor":"","_fecha-compra":0},"product_brand":[],"product_cat":[162],"product_tag":[],"editoriales":[],"class_list":{"0":"post-18735","1":"product","2":"type-product","3":"status-publish","4":"has-post-thumbnail","6":"product_cat-destacados","8":"first","9":"instock","10":"shipping-taxable","11":"purchasable","12":"product-type-simple"},"_links":{"self":[{"href":"https:\/\/shapp.mx\/ludoteka\/wp-json\/wp\/v2\/product\/18735","targetHints":{"allow":["GET"]}}],"collection":[{"href":"https:\/\/shapp.mx\/ludoteka\/wp-json\/wp\/v2\/product"}],"about":[{"href":"https:\/\/shapp.mx\/ludoteka\/wp-json\/wp\/v2\/types\/product"}],"wp:featuredmedia":[{"embeddable":true,"href":"https:\/\/shapp.mx\/ludoteka\/wp-json\/wp\/v2\/media\/18423"}],"wp:attachment":[{"href":"https:\/\/shapp.mx\/ludoteka\/wp-json\/wp\/v2\/media?parent=18735"}],"wp:term":[{"taxonomy":"product_brand","embeddable":true,"href":"https:\/\/shapp.mx\/ludoteka\/wp-json\/wp\/v2\/product_brand?post=18735"},{"taxonomy":"product_cat","embeddable":true,"href":"https:\/\/shapp.mx\/ludoteka\/wp-json\/wp\/v2\/product_cat?post=18735"},{"taxonomy":"product_tag","embeddable":true,"href":"https:\/\/shapp.mx\/ludoteka\/wp-json\/wp\/v2\/product_tag?post=18735"},{"taxonomy":"editoriales","embeddable":true,"href":"https:\/\/shapp.mx\/ludoteka\/wp-json\/wp\/v2\/editoriales?post=18735"}],"curies":[{"name":"wp","href":"https:\/\/api.w.org\/{rel}","templated":true}]}}