{"id":18736,"date":"2023-06-17T10:09:37","date_gmt":"2023-06-17T16:09:37","guid":{"rendered":"https:\/\/shapp.mx\/ludoteka\/?post_type=product&#038;p=18736"},"modified":"2023-06-29T12:17:13","modified_gmt":"2023-06-29T18:17:13","slug":"skull","status":"publish","type":"product","link":"https:\/\/shapp.mx\/ludoteka\/producto\/skull\/","title":{"rendered":"Skull"},"content":{"rendered":"<p>Skull\u00a0es un cl\u00e1sico juego de faroleo y ocultaci\u00f3n en el que todo vale para hacerte con la victoria. Teje tus redes de maldad y enga\u00f1a a tus amigos para llevarles hacia tus trampas con las m\u00e1s desesperadas t\u00e1cticas que se te pasen por la imaginaci\u00f3n. Cuando menos lo sospechen estar\u00e1n a tu merced. Un hilarante juego en el que entre tres y seis jugadores tratan de leer la mente de sus rivales para adelantarse a sus planes de victoria y desbaratarlos.<\/p>\n<p>La mec\u00e1nica de juego de\u00a0Skull\u00a0es muy intuitiva. Al comienzo de la partida cada jugador tiene cuatro discos, tres de ellos ilustrados con flores y un cuarto con una calavera sonriente. La ronda comienza cuando todos los jugadores eligen simult\u00e1neamente uno de sus discos y lo colocan boca abajo delante de ellos. Cuando sea tu turno tienes que decidir si vas a poner otro disco boca abajo delante de ti o quieres realizar una apuesta. Si completas con \u00e9xito dos apuestas ganas la partida. Si, por el contrario, te equivocas en tu pron\u00f3stico y fallas la predicci\u00f3n pierdes uno de tus discos. Al perder el \u00faltimo de ellos est\u00e1s fuera de la partida, de manera que tus rivales van a hacer todo lo posible para que esto ocurra. Y cuanto antes, mejor.<\/p>\n<p>\u00bfC\u00f3mo funcionan las apuestas en\u00a0Skull? Es muy simple, tienes que apostar por la cantidad de discos que eres capaz de destapar sin sacar una calavera. En el momento en que un jugador decide apostar, los siguientes solo tienen la opci\u00f3n de aumentar la apuesta o pasar y salir de la ronda. Ninguno de los participantes puede, desde ese momento, colocar m\u00e1s discos sobre la mesa. Una vez que todos los dem\u00e1s se hayan retirado es el momento de que intentes salir victorioso. Para ello tienes que levantar tantos discos como hayas apostado tanto tuyos como de uno de tus oponentes. Sacar una calavera antes de tiempo implica perder uno de tus discos y estar m\u00e1s cerca de la derrota, \u00a1as\u00ed que ten cuidado!<\/p>\n","protected":false},"excerpt":{"rendered":"<p>Skull\u00a0es un cl\u00e1sico juego de faroleo y ocultaci\u00f3n en el que todo vale para hacerte con la victoria. Teje tus redes de maldad y enga\u00f1a a tus amigos para llevarles hacia tus trampas con las m\u00e1s desesperadas t\u00e1cticas que se te pasen por la imaginaci\u00f3n. Cuando menos lo sospechen estar\u00e1n a tu merced. Un hilarante [&hellip;]<\/p>\n","protected":false},"featured_media":18424,"template":"","meta":{"inline_featured_image":false,"_juego_de_la_semana":"no","_idioma":"Espa\u00f1ol","_jugadores-minimos":"3","_jugadores-maximos":"6","_duracion-minima":"","_duracion-maxima":"","_edad-recomendada":"10","_editorial":"Asmodee","imagen-header":"19044","_precio-proveedor":"","_fecha-compra":0},"product_brand":[],"product_cat":[162,171],"product_tag":[],"editoriales":[182],"class_list":{"0":"post-18736","1":"product","2":"type-product","3":"status-publish","4":"has-post-thumbnail","6":"product_cat-destacados","7":"product_cat-party-game","8":"editoriales-asmodee","10":"first","11":"instock","12":"featured","13":"shipping-taxable","14":"purchasable","15":"product-type-simple"},"_links":{"self":[{"href":"https:\/\/shapp.mx\/ludoteka\/wp-json\/wp\/v2\/product\/18736","targetHints":{"allow":["GET"]}}],"collection":[{"href":"https:\/\/shapp.mx\/ludoteka\/wp-json\/wp\/v2\/product"}],"about":[{"href":"https:\/\/shapp.mx\/ludoteka\/wp-json\/wp\/v2\/types\/product"}],"wp:featuredmedia":[{"embeddable":true,"href":"https:\/\/shapp.mx\/ludoteka\/wp-json\/wp\/v2\/media\/18424"}],"wp:attachment":[{"href":"https:\/\/shapp.mx\/ludoteka\/wp-json\/wp\/v2\/media?parent=18736"}],"wp:term":[{"taxonomy":"product_brand","embeddable":true,"href":"https:\/\/shapp.mx\/ludoteka\/wp-json\/wp\/v2\/product_brand?post=18736"},{"taxonomy":"product_cat","embeddable":true,"href":"https:\/\/shapp.mx\/ludoteka\/wp-json\/wp\/v2\/product_cat?post=18736"},{"taxonomy":"product_tag","embeddable":true,"href":"https:\/\/shapp.mx\/ludoteka\/wp-json\/wp\/v2\/product_tag?post=18736"},{"taxonomy":"editoriales","embeddable":true,"href":"https:\/\/shapp.mx\/ludoteka\/wp-json\/wp\/v2\/editoriales?post=18736"}],"curies":[{"name":"wp","href":"https:\/\/api.w.org\/{rel}","templated":true}]}}