{"id":18737,"date":"2023-06-17T10:14:08","date_gmt":"2023-06-17T16:14:08","guid":{"rendered":"https:\/\/shapp.mx\/ludoteka\/?post_type=product&#038;p=18737"},"modified":"2023-07-05T16:31:35","modified_gmt":"2023-07-05T22:31:35","slug":"soviet-kitchen","status":"publish","type":"product","link":"https:\/\/shapp.mx\/ludoteka\/producto\/soviet-kitchen\/","title":{"rendered":"Soviet Kitchen"},"content":{"rendered":"<p>La Segunda Guerra Mundial est\u00e1 llegando a su fin en la Uni\u00f3n Sovi\u00e9tica, y la comida comienza a escasear despu\u00e9s de una dura campa\u00f1a. T\u00fa y tus compa\u00f1eros son una tropa de cocineros tratando de crear comidas con ingredientes dif\u00edciles de conseguir \u00a1Cualquier cosa es v\u00e1lida mientras termine pareci\u00e9ndose!<\/p>\n<p>Mientras la comida siga llegando (y no envenenen a nadie) su fama y fortuna seguir\u00e1 creciendo \u00bfLa salchicha que tienen que preparar no es suficiente roja? \u00a1Un pu\u00f1ado de clavos oxidados servir\u00e1n! \u00bfEsa papilla tiene un color horrible? \u00a1Mezclarla con arena amarilla para conseguir el color adecuado!<\/p>\n<p>Se trata de un filler cooperativo de cartas para hasta 4 jugadores con partidas de unos 25 minutos de duraci\u00f3n, que utiliza una aplicaci\u00f3n de m\u00f3vil para mezclar los \u201calimentos\u201d. Y es que las comillas vienen porque todo vale en el frente de batalla: neum\u00e1ticos, restos de ropa, hierba\u2026<\/p>\n<p>Al principio de cada ronda nos dar\u00e1n un objetivo, en el que nos mostrar\u00e1n la aproximaci\u00f3n de color del plato en forma de porcentaje (por ejemplo, el plato que tenemos que hacer deber\u00e1 tener m\u00e1s del 40% de parecido crom\u00e1tico) y tambi\u00e9n un nivel de veneno o radioactividad soportable. Todos los jugadores hablan, intentando comunicarnos sin decirnos qu\u00e9 color muestra nuestra carta, aunque s\u00ed el ingrediente.<\/p>\n<p>Tendremos que conseguir que nuestros compa\u00f1eros descubran de qu\u00e9 color se trata. En orden de turno, cada uno elegimos una cartas y escaneamos con la aplicaci\u00f3n (disponible para Android e iPhone) el c\u00f3digo QR que viene impreso detr\u00e1s de cada carta. La aplicaci\u00f3n mezclar\u00e1 todos los ingredientes y nos dir\u00e1 si hemos logrado el objetivo. Normalmente se trata de elaboraciones con m\u00e1s de un paso, por lo que debemos guardarnos cartas para hacer el acompa\u00f1amiento.<\/p>\n<p>Tambi\u00e9n existen cartas especiales que reducen o eliminan el nivel de toxicidad \u00a1Gu\u00e1rdalas para momentos importantes de la partida! Existen dos modos de juego en Soviet Kitchen: En el modo Historia nos enfrentamos a 21 misiones \u00fanicas, cada una con su propia introducci\u00f3n y desaf\u00edo.<\/p>\n<p>Misi\u00f3n por misi\u00f3n, desbloquearemos nuevas cartas con poderes especiales, y nos iremos abriendo camino hasta llegar a cocinar para la alta sociedad del Kremlin y el KGB. Cuanto mas avanza la partida m\u00e1s desafiante se vuelve el reto \u00a1Mucho cuidado con lo que echas a la picadora! El modo Desaf\u00edo ofrece 4 retos diferentes, desde Supervivencia pura hasta la construcci\u00f3n personalizada de mazos. Puedes compartir tus mejores puntuaciones en l\u00edneas y ver si logras ser los mejores cocineros de la madre Rusia.<\/p>\n","protected":false},"excerpt":{"rendered":"<p>La Segunda Guerra Mundial est\u00e1 llegando a su fin en la Uni\u00f3n Sovi\u00e9tica, y la comida comienza a escasear despu\u00e9s de una dura campa\u00f1a. T\u00fa y tus compa\u00f1eros son una tropa de cocineros tratando de crear comidas con ingredientes dif\u00edciles de conseguir \u00a1Cualquier cosa es v\u00e1lida mientras termine pareci\u00e9ndose! Mientras la comida siga llegando (y [&hellip;]<\/p>\n","protected":false},"featured_media":18595,"template":"","meta":{"inline_featured_image":false,"_juego_de_la_semana":"no","_idioma":"Espa\u00f1ol","_jugadores-minimos":"1","_jugadores-maximos":"6","_duracion-minima":"25","_duracion-maxima":"","_edad-recomendada":"12","_editorial":"Devir","imagen-header":"19044","_precio-proveedor":"","_fecha-compra":0},"product_brand":[],"product_cat":[171],"product_tag":[],"editoriales":[184],"class_list":{"0":"post-18737","1":"product","2":"type-product","3":"status-publish","4":"has-post-thumbnail","6":"product_cat-party-game","7":"editoriales-devir","9":"first","10":"instock","11":"shipping-taxable","12":"purchasable","13":"product-type-simple"},"_links":{"self":[{"href":"https:\/\/shapp.mx\/ludoteka\/wp-json\/wp\/v2\/product\/18737","targetHints":{"allow":["GET"]}}],"collection":[{"href":"https:\/\/shapp.mx\/ludoteka\/wp-json\/wp\/v2\/product"}],"about":[{"href":"https:\/\/shapp.mx\/ludoteka\/wp-json\/wp\/v2\/types\/product"}],"wp:featuredmedia":[{"embeddable":true,"href":"https:\/\/shapp.mx\/ludoteka\/wp-json\/wp\/v2\/media\/18595"}],"wp:attachment":[{"href":"https:\/\/shapp.mx\/ludoteka\/wp-json\/wp\/v2\/media?parent=18737"}],"wp:term":[{"taxonomy":"product_brand","embeddable":true,"href":"https:\/\/shapp.mx\/ludoteka\/wp-json\/wp\/v2\/product_brand?post=18737"},{"taxonomy":"product_cat","embeddable":true,"href":"https:\/\/shapp.mx\/ludoteka\/wp-json\/wp\/v2\/product_cat?post=18737"},{"taxonomy":"product_tag","embeddable":true,"href":"https:\/\/shapp.mx\/ludoteka\/wp-json\/wp\/v2\/product_tag?post=18737"},{"taxonomy":"editoriales","embeddable":true,"href":"https:\/\/shapp.mx\/ludoteka\/wp-json\/wp\/v2\/editoriales?post=18737"}],"curies":[{"name":"wp","href":"https:\/\/api.w.org\/{rel}","templated":true}]}}