{"id":18780,"date":"2023-06-19T08:32:59","date_gmt":"2023-06-19T14:32:59","guid":{"rendered":"https:\/\/shapp.mx\/ludoteka\/?post_type=product&#038;p=18780"},"modified":"2023-07-05T16:29:48","modified_gmt":"2023-07-05T22:29:48","slug":"speed-cup-2","status":"publish","type":"product","link":"https:\/\/shapp.mx\/ludoteka\/producto\/speed-cup-2\/","title":{"rendered":"Speed Cup 2"},"content":{"rendered":"<p>\u00a1La expansi\u00f3n del top ventas Speed Cups! Ahora mucho m\u00e1s extremo: las cartas muestran objetos que no est\u00e1n en l\u00ednea&#8230;<\/p>\n<p>\u00bfLa pelota est\u00e1 delante de la foca?, \u00bflos monos est\u00e1n sobre los elefantes? \u00a1Col\u00f3calos lo m\u00e1s r\u00e1pido posible y corre a por la carta!<\/p>\n<p>Puede jugarse como juego s\u00f3lo para dos jugadores (no incluye timbre), o puede jugarse junto a las otras versiones de Speed Cups.<\/p>\n","protected":false},"excerpt":{"rendered":"<p>\u00a1La expansi\u00f3n del top ventas Speed Cups! Ahora mucho m\u00e1s extremo: las cartas muestran objetos que no est\u00e1n en l\u00ednea&#8230; \u00bfLa pelota est\u00e1 delante de la foca?, \u00bflos monos est\u00e1n sobre los elefantes? \u00a1Col\u00f3calos lo m\u00e1s r\u00e1pido posible y corre a por la carta! Puede jugarse como juego s\u00f3lo para dos jugadores (no incluye timbre), [&hellip;]<\/p>\n","protected":false},"featured_media":18599,"template":"","meta":{"inline_featured_image":false,"_juego_de_la_semana":"no","_idioma":"Espa\u00f1ol","_jugadores-minimos":"2","_jugadores-maximos":"","_duracion-minima":"6","_duracion-maxima":"","_edad-recomendada":"","_editorial":"","imagen-header":"19044","_precio-proveedor":"","_fecha-compra":0},"product_brand":[],"product_cat":[171],"product_tag":[],"editoriales":[181],"class_list":{"0":"post-18780","1":"product","2":"type-product","3":"status-publish","4":"has-post-thumbnail","6":"product_cat-party-game","7":"editoriales-amigo","9":"first","10":"instock","11":"shipping-taxable","12":"purchasable","13":"product-type-simple"},"_links":{"self":[{"href":"https:\/\/shapp.mx\/ludoteka\/wp-json\/wp\/v2\/product\/18780","targetHints":{"allow":["GET"]}}],"collection":[{"href":"https:\/\/shapp.mx\/ludoteka\/wp-json\/wp\/v2\/product"}],"about":[{"href":"https:\/\/shapp.mx\/ludoteka\/wp-json\/wp\/v2\/types\/product"}],"wp:featuredmedia":[{"embeddable":true,"href":"https:\/\/shapp.mx\/ludoteka\/wp-json\/wp\/v2\/media\/18599"}],"wp:attachment":[{"href":"https:\/\/shapp.mx\/ludoteka\/wp-json\/wp\/v2\/media?parent=18780"}],"wp:term":[{"taxonomy":"product_brand","embeddable":true,"href":"https:\/\/shapp.mx\/ludoteka\/wp-json\/wp\/v2\/product_brand?post=18780"},{"taxonomy":"product_cat","embeddable":true,"href":"https:\/\/shapp.mx\/ludoteka\/wp-json\/wp\/v2\/product_cat?post=18780"},{"taxonomy":"product_tag","embeddable":true,"href":"https:\/\/shapp.mx\/ludoteka\/wp-json\/wp\/v2\/product_tag?post=18780"},{"taxonomy":"editoriales","embeddable":true,"href":"https:\/\/shapp.mx\/ludoteka\/wp-json\/wp\/v2\/editoriales?post=18780"}],"curies":[{"name":"wp","href":"https:\/\/api.w.org\/{rel}","templated":true}]}}