{"id":18781,"date":"2023-06-19T08:34:53","date_gmt":"2023-06-19T14:34:53","guid":{"rendered":"https:\/\/shapp.mx\/ludoteka\/?post_type=product&#038;p=18781"},"modified":"2023-07-05T16:29:30","modified_gmt":"2023-07-05T22:29:30","slug":"splendor","status":"publish","type":"product","link":"https:\/\/shapp.mx\/ludoteka\/producto\/splendor\/","title":{"rendered":"Splendor"},"content":{"rendered":"<p>En esplendor, interpreta a un rico mercader del renacimiento. Utilizando tu riqueza para adquirir minas, m\u00e9todos de transporte y artesan\u00eda que transforma las vastas piedras en magn\u00edficas piezas de joyer\u00eda. A lo largo de la partida, a los jugadores se les van a dar fichas de oro y piedras preciosas, con las que se podr\u00e1n adquirir cartas de desarrollo. Dichas cartas otorgan puntos de prestigio y bonos, los cuales se han convertido en un menor precio. Cuando un jugador posee suficientes bonos, inmediatamente recibe la visita de un noble (lo que tambi\u00e9n se reporta puntos de prestigio).<\/p>\n","protected":false},"excerpt":{"rendered":"<p>En esplendor, interpreta a un rico mercader del renacimiento. Utilizando tu riqueza para adquirir minas, m\u00e9todos de transporte y artesan\u00eda que transforma las vastas piedras en magn\u00edficas piezas de joyer\u00eda. A lo largo de la partida, a los jugadores se les van a dar fichas de oro y piedras preciosas, con las que se podr\u00e1n [&hellip;]<\/p>\n","protected":false},"featured_media":18426,"template":"","meta":{"inline_featured_image":false,"_juego_de_la_semana":"no","_idioma":"Ingles","_jugadores-minimos":"2","_jugadores-maximos":"4","_duracion-minima":"30","_duracion-maxima":"","_edad-recomendada":"10","_editorial":"Prueba","imagen-header":"19044","_precio-proveedor":"","_fecha-compra":0},"product_brand":[],"product_cat":[164,168],"product_tag":[],"editoriales":[],"class_list":{"0":"post-18781","1":"product","2":"type-product","3":"status-publish","4":"has-post-thumbnail","6":"product_cat-eurogame","7":"product_cat-juegos-de-cartas","9":"first","10":"instock","11":"shipping-taxable","12":"purchasable","13":"product-type-simple"},"_links":{"self":[{"href":"https:\/\/shapp.mx\/ludoteka\/wp-json\/wp\/v2\/product\/18781","targetHints":{"allow":["GET"]}}],"collection":[{"href":"https:\/\/shapp.mx\/ludoteka\/wp-json\/wp\/v2\/product"}],"about":[{"href":"https:\/\/shapp.mx\/ludoteka\/wp-json\/wp\/v2\/types\/product"}],"wp:featuredmedia":[{"embeddable":true,"href":"https:\/\/shapp.mx\/ludoteka\/wp-json\/wp\/v2\/media\/18426"}],"wp:attachment":[{"href":"https:\/\/shapp.mx\/ludoteka\/wp-json\/wp\/v2\/media?parent=18781"}],"wp:term":[{"taxonomy":"product_brand","embeddable":true,"href":"https:\/\/shapp.mx\/ludoteka\/wp-json\/wp\/v2\/product_brand?post=18781"},{"taxonomy":"product_cat","embeddable":true,"href":"https:\/\/shapp.mx\/ludoteka\/wp-json\/wp\/v2\/product_cat?post=18781"},{"taxonomy":"product_tag","embeddable":true,"href":"https:\/\/shapp.mx\/ludoteka\/wp-json\/wp\/v2\/product_tag?post=18781"},{"taxonomy":"editoriales","embeddable":true,"href":"https:\/\/shapp.mx\/ludoteka\/wp-json\/wp\/v2\/editoriales?post=18781"}],"curies":[{"name":"wp","href":"https:\/\/api.w.org\/{rel}","templated":true}]}}