{"id":18784,"date":"2023-06-19T08:50:46","date_gmt":"2023-06-19T14:50:46","guid":{"rendered":"https:\/\/shapp.mx\/ludoteka\/?post_type=product&#038;p=18784"},"modified":"2023-06-29T12:12:23","modified_gmt":"2023-06-29T18:12:23","slug":"stratego","status":"publish","type":"product","link":"https:\/\/shapp.mx\/ludoteka\/producto\/stratego\/","title":{"rendered":"Stratego"},"content":{"rendered":"<p>Dos ej\u00e9rcitos se enfrentan\u2026 \u00bfQui\u00e9n ser\u00e1 victorioso? Stratego es el cl\u00e1sico juego de estrategia de campo de batalla que ha vendido m\u00e1s de 20 millones de copias en todo el mundo. Durante m\u00e1s de 50 a\u00f1os, Stratego ha emocionado a los fans de los juegos de estrategia inspir\u00e1ndolos a desafiar a un oponente e intentar dirigir a su ej\u00e9rcito a la victoria. Dos jugadores comandan ej\u00e9rcitos napole\u00f3nicos y dise\u00f1an planes para desplegar tropas, utilizando ataques estrat\u00e9gicos y enga\u00f1o inteligente para romper la l\u00ednea del oponente y capturar la bandera No hay pegatinas para aplicar Para 2 jugadores.<\/p>\n","protected":false},"excerpt":{"rendered":"<p>Dos ej\u00e9rcitos se enfrentan\u2026 \u00bfQui\u00e9n ser\u00e1 victorioso? Stratego es el cl\u00e1sico juego de estrategia de campo de batalla que ha vendido m\u00e1s de 20 millones de copias en todo el mundo. Durante m\u00e1s de 50 a\u00f1os, Stratego ha emocionado a los fans de los juegos de estrategia inspir\u00e1ndolos a desafiar a un oponente e intentar [&hellip;]<\/p>\n","protected":false},"featured_media":19009,"template":"","meta":{"inline_featured_image":false,"_juego_de_la_semana":"no","_idioma":"Espa\u00f1ol","_jugadores-minimos":"2","_jugadores-maximos":"","_duracion-minima":"30","_duracion-maxima":"","_edad-recomendada":"10","_editorial":"","imagen-header":"19044","_precio-proveedor":"","_fecha-compra":0},"product_brand":[],"product_cat":[162],"product_tag":[],"editoriales":[],"class_list":{"0":"post-18784","1":"product","2":"type-product","3":"status-publish","4":"has-post-thumbnail","6":"product_cat-destacados","8":"first","9":"outofstock","10":"shipping-taxable","11":"purchasable","12":"product-type-simple"},"_links":{"self":[{"href":"https:\/\/shapp.mx\/ludoteka\/wp-json\/wp\/v2\/product\/18784","targetHints":{"allow":["GET"]}}],"collection":[{"href":"https:\/\/shapp.mx\/ludoteka\/wp-json\/wp\/v2\/product"}],"about":[{"href":"https:\/\/shapp.mx\/ludoteka\/wp-json\/wp\/v2\/types\/product"}],"wp:featuredmedia":[{"embeddable":true,"href":"https:\/\/shapp.mx\/ludoteka\/wp-json\/wp\/v2\/media\/19009"}],"wp:attachment":[{"href":"https:\/\/shapp.mx\/ludoteka\/wp-json\/wp\/v2\/media?parent=18784"}],"wp:term":[{"taxonomy":"product_brand","embeddable":true,"href":"https:\/\/shapp.mx\/ludoteka\/wp-json\/wp\/v2\/product_brand?post=18784"},{"taxonomy":"product_cat","embeddable":true,"href":"https:\/\/shapp.mx\/ludoteka\/wp-json\/wp\/v2\/product_cat?post=18784"},{"taxonomy":"product_tag","embeddable":true,"href":"https:\/\/shapp.mx\/ludoteka\/wp-json\/wp\/v2\/product_tag?post=18784"},{"taxonomy":"editoriales","embeddable":true,"href":"https:\/\/shapp.mx\/ludoteka\/wp-json\/wp\/v2\/editoriales?post=18784"}],"curies":[{"name":"wp","href":"https:\/\/api.w.org\/{rel}","templated":true}]}}