{"id":18786,"date":"2023-06-19T08:56:26","date_gmt":"2023-06-19T14:56:26","guid":{"rendered":"https:\/\/shapp.mx\/ludoteka\/?post_type=product&#038;p=18786"},"modified":"2023-06-29T12:11:37","modified_gmt":"2023-06-29T18:11:37","slug":"winspan-europa-2","status":"publish","type":"product","link":"https:\/\/shapp.mx\/ludoteka\/producto\/winspan-europa-2\/","title":{"rendered":"Winspan Europa"},"content":{"rendered":"<p>En esta primera expansi\u00f3n a la envergadura, aumentamos el alcance del mundo para incluir a las aves regales, hermosas y variadas de Europa. Estas aves cuentan con una variedad de nuevas habilidades, incluyendo una serie de aves con habilidades de extremo redondo, habilidades que aumentan la interacci\u00f3n entre jugadores y aves que se benefician del exceso de cartas\/comida. Junto con las nuevas tarjetas de bonificaci\u00f3n, est\u00e1n dise\u00f1adas para ser barajadas en los mazos originales de cartas (y cartas de futuras expansiones).<\/p>\n","protected":false},"excerpt":{"rendered":"<p>En esta primera expansi\u00f3n a la envergadura, aumentamos el alcance del mundo para incluir a las aves regales, hermosas y variadas de Europa. Estas aves cuentan con una variedad de nuevas habilidades, incluyendo una serie de aves con habilidades de extremo redondo, habilidades que aumentan la interacci\u00f3n entre jugadores y aves que se benefician del [&hellip;]<\/p>\n","protected":false},"featured_media":18436,"template":"","meta":{"inline_featured_image":false,"_juego_de_la_semana":"no","_idioma":"Espa\u00f1ol","_jugadores-minimos":"1","_jugadores-maximos":"5","_duracion-minima":"40","_duracion-maxima":"70","_edad-recomendada":"14","_editorial":"","imagen-header":"19044","_precio-proveedor":"","_fecha-compra":0},"product_brand":[],"product_cat":[162,164,168],"product_tag":[],"editoriales":[187],"class_list":{"0":"post-18786","1":"product","2":"type-product","3":"status-publish","4":"has-post-thumbnail","6":"product_cat-destacados","7":"product_cat-eurogame","8":"product_cat-juegos-de-cartas","9":"editoriales-maldito-games","11":"first","12":"outofstock","13":"shipping-taxable","14":"purchasable","15":"product-type-simple"},"_links":{"self":[{"href":"https:\/\/shapp.mx\/ludoteka\/wp-json\/wp\/v2\/product\/18786","targetHints":{"allow":["GET"]}}],"collection":[{"href":"https:\/\/shapp.mx\/ludoteka\/wp-json\/wp\/v2\/product"}],"about":[{"href":"https:\/\/shapp.mx\/ludoteka\/wp-json\/wp\/v2\/types\/product"}],"wp:featuredmedia":[{"embeddable":true,"href":"https:\/\/shapp.mx\/ludoteka\/wp-json\/wp\/v2\/media\/18436"}],"wp:attachment":[{"href":"https:\/\/shapp.mx\/ludoteka\/wp-json\/wp\/v2\/media?parent=18786"}],"wp:term":[{"taxonomy":"product_brand","embeddable":true,"href":"https:\/\/shapp.mx\/ludoteka\/wp-json\/wp\/v2\/product_brand?post=18786"},{"taxonomy":"product_cat","embeddable":true,"href":"https:\/\/shapp.mx\/ludoteka\/wp-json\/wp\/v2\/product_cat?post=18786"},{"taxonomy":"product_tag","embeddable":true,"href":"https:\/\/shapp.mx\/ludoteka\/wp-json\/wp\/v2\/product_tag?post=18786"},{"taxonomy":"editoriales","embeddable":true,"href":"https:\/\/shapp.mx\/ludoteka\/wp-json\/wp\/v2\/editoriales?post=18786"}],"curies":[{"name":"wp","href":"https:\/\/api.w.org\/{rel}","templated":true}]}}